{"id":73,"date":"2025-05-23T12:12:06","date_gmt":"2025-05-23T15:12:06","guid":{"rendered":"https:\/\/conhecendoosods.com.br\/caminhao\/?page_id=73"},"modified":"2025-07-28T13:13:21","modified_gmt":"2025-07-28T16:13:21","slug":"programacao-lucas-do-rio-verde","status":"publish","type":"page","link":"https:\/\/conhecendoosods.com.br\/caminhao\/programacao-lucas-do-rio-verde\/","title":{"rendered":"Programa\u00e7\u00e3o Lucas do Rio Verde"},"content":{"rendered":"\n<p>Vem ai dia 23\/08<\/p>\n\n\n\n<p>Programa\u00e7\u00e3o em breve<\/p>\n\n\n\n<div style=\"display: flex ; align-items: baseline;\"><p>Para informa\u00e7\u00f5es, acesse o whatsapp <\/p> <a href=\"https:\/\/chat.whatsapp.com\/J5qeHITZg3wGtNsEYxBphD\"> <img decoding=\"async\" src=\"https:\/\/conhecendoosods.com.br\/caminhao\/wp-content\/uploads\/2025\/05\/430882b2a9c08ee91f4259ba040cc577.jpg\" style=\"max-width: 11%; margin-left:20px\"> <\/a> <\/div>\n","protected":false},"excerpt":{"rendered":"<p>Vem ai dia 23\/08 Programa\u00e7\u00e3o em breve Para informa\u00e7\u00f5es, acesse o whatsapp<\/p>\n","protected":false},"author":1,"featured_media":0,"parent":0,"menu_order":0,"comment_status":"closed","ping_status":"closed","template":"page-programacao-lucas.php","meta":{"footnotes":""},"class_list":["post-73","page","type-page","status-publish","hentry"],"_links":{"self":[{"href":"https:\/\/conhecendoosods.com.br\/caminhao\/wp-json\/wp\/v2\/pages\/73","targetHints":{"allow":["GET"]}}],"collection":[{"href":"https:\/\/conhecendoosods.com.br\/caminhao\/wp-json\/wp\/v2\/pages"}],"about":[{"href":"https:\/\/conhecendoosods.com.br\/caminhao\/wp-json\/wp\/v2\/types\/page"}],"author":[{"embeddable":true,"href":"https:\/\/conhecendoosods.com.br\/caminhao\/wp-json\/wp\/v2\/users\/1"}],"replies":[{"embeddable":true,"href":"https:\/\/conhecendoosods.com.br\/caminhao\/wp-json\/wp\/v2\/comments?post=73"}],"version-history":[{"count":1,"href":"https:\/\/conhecendoosods.com.br\/caminhao\/wp-json\/wp\/v2\/pages\/73\/revisions"}],"predecessor-version":[{"id":74,"href":"https:\/\/conhecendoosods.com.br\/caminhao\/wp-json\/wp\/v2\/pages\/73\/revisions\/74"}],"wp:attachment":[{"href":"https:\/\/conhecendoosods.com.br\/caminhao\/wp-json\/wp\/v2\/media?parent=73"}],"curies":[{"name":"wp","href":"https:\/\/api.w.org\/{rel}","templated":true}]}}