{"id":63,"date":"2025-05-23T11:50:23","date_gmt":"2025-05-23T14:50:23","guid":{"rendered":"https:\/\/conhecendoosods.com.br\/caminhao\/?page_id=63"},"modified":"2025-07-28T13:09:57","modified_gmt":"2025-07-28T16:09:57","slug":"programacao-cuiaba","status":"publish","type":"page","link":"https:\/\/conhecendoosods.com.br\/caminhao\/programacao-cuiaba\/","title":{"rendered":"Programa\u00e7\u00e3o Cuiaba"},"content":{"rendered":"\n<p>Vem a\u00ed em 16\/08<\/p>\n\n\n\n<p>Programa\u00e7\u00e3o em breve<\/p>\n\n\n\n<div style=\"display: flex ; align-items: baseline;\"><p>Para informa\u00e7\u00f5es, acesse o whatsapp <\/p> <a href=\"https:\/\/chat.whatsapp.com\/LaBlwTxP78c1LdylC36Feq\"> <img decoding=\"async\" src=\"https:\/\/conhecendoosods.com.br\/caminhao\/wp-content\/uploads\/2025\/05\/430882b2a9c08ee91f4259ba040cc577.jpg\" style=\"max-width: 11%; margin-left:20px\"> <\/a> <\/div>\n\n\n\n<p><\/p>\n","protected":false},"excerpt":{"rendered":"<p>Vem a\u00ed em 16\/08 Programa\u00e7\u00e3o em breve Para informa\u00e7\u00f5es, acesse o whatsapp<\/p>\n","protected":false},"author":1,"featured_media":0,"parent":0,"menu_order":0,"comment_status":"closed","ping_status":"closed","template":"page-programacao-cuiaba.php","meta":{"footnotes":""},"class_list":["post-63","page","type-page","status-publish","hentry"],"_links":{"self":[{"href":"https:\/\/conhecendoosods.com.br\/caminhao\/wp-json\/wp\/v2\/pages\/63","targetHints":{"allow":["GET"]}}],"collection":[{"href":"https:\/\/conhecendoosods.com.br\/caminhao\/wp-json\/wp\/v2\/pages"}],"about":[{"href":"https:\/\/conhecendoosods.com.br\/caminhao\/wp-json\/wp\/v2\/types\/page"}],"author":[{"embeddable":true,"href":"https:\/\/conhecendoosods.com.br\/caminhao\/wp-json\/wp\/v2\/users\/1"}],"replies":[{"embeddable":true,"href":"https:\/\/conhecendoosods.com.br\/caminhao\/wp-json\/wp\/v2\/comments?post=63"}],"version-history":[{"count":6,"href":"https:\/\/conhecendoosods.com.br\/caminhao\/wp-json\/wp\/v2\/pages\/63\/revisions"}],"predecessor-version":[{"id":72,"href":"https:\/\/conhecendoosods.com.br\/caminhao\/wp-json\/wp\/v2\/pages\/63\/revisions\/72"}],"wp:attachment":[{"href":"https:\/\/conhecendoosods.com.br\/caminhao\/wp-json\/wp\/v2\/media?parent=63"}],"curies":[{"name":"wp","href":"https:\/\/api.w.org\/{rel}","templated":true}]}}